{"id":1744,"date":"2019-11-20T15:49:36","date_gmt":"2019-11-20T14:49:36","guid":{"rendered":"https:\/\/lindberg.24sevenstore.no\/?post_type=product&#038;p=1744"},"modified":"2024-05-10T11:17:26","modified_gmt":"2024-05-10T09:17:26","slug":"corsair-virtuoso-tradlos-gaming-headset","status":"publish","type":"product","link":"https:\/\/lindberg.24sevenstore.no\/index.php\/produkt\/corsair-virtuoso-tradlos-gaming-headset\/","title":{"rendered":"Corsair Virtuoso Tr\u00e5dl\u00f8s Gaming Headset"},"content":{"rendered":"<h2 class=\"product-section-header hidden-xs hidden-sm\">Produktinfo<\/h2>\n<div class=\"product-section-content\">\n<div class=\"row\">\n<div class=\"product-responsive-info col-xs-12 col-sm-10 col-md-8 col-lg-6 col-sm-offset-1 col-md-offset-2 col-lg-offset-3 product-sections-left-content\">\n<div class=\"row\">\n<div class=\"col-xs-12\">\n<div class=\"test-logos\"><a href=\"https:\/\/www.vortez.net\/articles_pages\/corsair_virtuoso_rgb_wireless,6.html\" target=\"_blank\" rel=\"nofollow noopener noreferrer\"><img decoding=\"async\" src=\"https:\/\/www.komplett.no\/productmedia\/3834\/premium.png\" alt=\"Vortez premium, testlogo\" \/><\/a><a href=\"https:\/\/www.tweaktown.com\/reviews\/9178\/corsair-virtuoso-rgb-wireless-se-gaming-headset-review\/index.html\" target=\"_blank\" rel=\"nofollow noopener noreferrer\"><img decoding=\"async\" src=\"https:\/\/www.komplett.no\/productmedia\/1217\/badge_editor.png\" alt=\"Tweak Town Editor's Choice Award\" \/><\/a><a href=\"https:\/\/www.kitguru.net\/tech-news\/featured-tech-reviews\/andrew-munro\/corsair-virtuoso-rgb-wireless-se-headset-review\/\" target=\"_blank\" rel=\"nofollow noopener noreferrer\"><img decoding=\"async\" src=\"https:\/\/www.komplett.no\/productmedia\/17583\/kitguru-must-have-251x300.png\" alt=\"Kitguru Must have\" \/><\/a><a href=\"https:\/\/www.guru3d.com\/articles_pages\/corsair_virtuoso_rgb_wireless_se_headset_review,9.html\" target=\"_blank\" rel=\"nofollow noopener noreferrer\"><img decoding=\"async\" src=\"https:\/\/www.komplett.no\/productmedia\/1261\/guru3d-recommended_1.jpg\" alt=\"Product test\" \/><\/a><a href=\"https:\/\/www.tomshardware.com\/reviews\/corsair-virtuoso-wireless-se-headset,6356.html#xtor=RSS-5\" target=\"_blank\" rel=\"nofollow noopener noreferrer\"><img decoding=\"async\" src=\"https:\/\/www.komplett.no\/productmedia\/21152\/tomhardware.jpg\" alt=\"Product test\" \/><\/a><a href=\"https:\/\/www.overclock3d.net\/reviews\/audio\/corsair_virtuoso_rgb_wireless_se_headset_review\/6\" target=\"_blank\" rel=\"nofollow noopener noreferrer\"><img decoding=\"async\" src=\"https:\/\/www.komplett.no\/productmedia\/1122\/enthusiast.png\" alt=\"enthustuast grade testlogo\" \/><\/a><a href=\"https:\/\/www.techpowerup.com\/review\/corsair-virtuoso-rgb-wireless\/8.html\" target=\"_blank\" rel=\"nofollow noopener noreferrer\"><img decoding=\"async\" src=\"https:\/\/www.komplett.no\/productmedia\/33438\/techpowerup_innovation.jpg\" alt=\"Techpowerup Innovation\" \/><\/a><a href=\"https:\/\/www.techpowerup.com\/review\/corsair-virtuoso-rgb-wireless\/8.html\" target=\"_blank\" rel=\"nofollow noopener noreferrer\"><img decoding=\"async\" src=\"https:\/\/www.komplett.no\/productmedia\/1155\/recommended.gif\" alt=\"Test\" \/><\/a><a href=\"https:\/\/thinkcomputers.org\/corsair-virtuoso-rgb-wireless-se-headset-review\/3\/\" target=\"_blank\" rel=\"nofollow noopener noreferrer\"><img decoding=\"async\" src=\"https:\/\/www.komplett.no\/productmedia\/1199\/9av10_recommended.jpg\" alt=\"9\/10 recommended award\" \/><\/a><\/div>\n<\/div>\n<\/div>\n<div class=\"row\">\n<div class=\"col-xs-12\">\n<figure class=\"banner-image\"><img decoding=\"async\" title=\"Be a virtuoso header\" src=\"https:\/\/www.komplett.no\/productmedia\/32977\/2019-09-27-12_00_33-virtuoso-rgb-wireless-high-fidelity-gaming-headset.png\" alt=\"Be a virtuoso header\" \/><\/figure>\n<\/div>\n<\/div>\n<div class=\"row\">\n<div class=\"col-xs-12\">\n<h2>Corsair Virtuoso Tr\u00e5dl\u00f8st\u00a0gamingheadset i karbon<\/h2>\n<hr \/>\n<p><strong><em>Headsetet VIRTUOSO RGB Wireless tilbyr hi-fi-lyd, komfort hele dagen og lynrask tilkobling med SLIPSTREAM WIRELESS-teknologi. Du fortjener det beste.<\/em><\/strong><\/p>\n<\/div>\n<\/div>\n<div class=\"row\">\n<div class=\"col-xs-12\">\n<h4><strong>H\u00f8ydepunkter:<\/strong><\/h4>\n<ul>\n<li>F\u00f8rsteklasses, lett konstruksjon<\/li>\n<li>Kompromissl\u00f8s lydkvalitet<\/li>\n<li>Avtagbar mikrofon i kringkastingskvalitet<\/li>\n<li>F\u00f8rsteklasses \u00f8reputer i minneskum og lett hodeb\u00f8yle<\/li>\n<li>Presis kontroll<\/li>\n<\/ul>\n<\/div>\n<\/div>\n<div class=\"row\">\n<div class=\"col-xs-12 col-sm-6\">\n<h4><strong>HOLDBAR<\/strong><\/h4>\n<p><strong>F\u00f8rsteklasses, lett konstruksjon<\/strong><\/p>\n<p>Bygd med maskinert aluminium, noe som sikrer b\u00e5de maksimal komfort og lang holdbarhet.<\/p>\n<\/div>\n<div class=\"col-xs-12 col-sm-6\">\n<h4><strong>LYD<\/strong><\/h4>\n<p><strong>Kompromissl\u00f8s lydkvalitet:<\/strong><\/p>\n<p>Et matchet par av n\u00f8yaktig innstilte 50 mm h\u00f8yttalerelementer i neodym med h\u00f8y tetthet leverer oppslukende 7.1-surroundlyd<\/p>\n<\/div>\n<\/div>\n<div class=\"row\">\n<div class=\"col-xs-12 col-sm-6\">\n<h4><strong>MIKROFON<\/strong><\/h4>\n<p><strong>Avtagbar mikrofon i kringkastingskvalitet:<\/strong><\/p>\n<p>En rundtvirkende mikrofon med h\u00f8y b\u00e5ndbredde s\u00f8rger for et eksepsjonelt dynamisk omr\u00e5de og stemmeklarhet.<\/p>\n<\/div>\n<div class=\"col-xs-12 col-sm-6\">\n<h4><strong>KOMFORT<\/strong><\/h4>\n<p><strong>F\u00f8rsteklasses \u00f8reputer i minneskum og lett hodeb\u00f8yle<\/strong><\/p>\n<p>VIRTUOSO RGB Wireless\u2019 myke \u00f8reputer og hodeb\u00f8yle f\u00f8lger formen til hodet ditt og leverer langvarig komfort, slik at du kan spille i timevis.<\/p>\n<\/div>\n<\/div>\n<div class=\"row\">\n<div class=\"col-xs-12\">\n<h3><strong>TILPASS<\/strong><\/h3>\n<p><strong>Presis kontroll:<\/strong><\/p>\n<p>Finjuster alle innstillingene p\u00e5 headsetet ditt, fra lydkorrigering og sidetonekontroll til dynamisk RGB-belysning p\u00e5 hver \u00f8reklokke.<\/p>\n<\/div>\n<\/div>\n<div class=\"row\">\n<div class=\"col-xs-12\">\n<figure class=\"banner-image\"><img decoding=\"async\" title=\"Corsair Virtuoso\" src=\"https:\/\/www.komplett.no\/productmedia\/32972\/virtuoso_black_901-300bby.jpg\" alt=\"Corsair Virtuoso\" \/><\/figure>\n<\/div>\n<\/div>\n<div class=\"row\">\n<div class=\"col-xs-12\">\n<h3>Lyd<\/h3>\n<\/div>\n<\/div>\n<div class=\"row\">\n<div class=\"col-xs-12 col-sm-6\">\n<h4><strong>DRIVERE<\/strong><\/h4>\n<p>Den kompromissl\u00f8se lydkvaliteten til VIRTUOSO RGB Wireless drives av et par n\u00f8yaktig innstilte 50 mm h\u00f8yttalerelementer i neodym med h\u00f8y tetthet. I motsetning til de fleste gamingheadset er hvert driverpar n\u00f8ye h\u00e5ndplukket og tilpasset innenfor +\/-1 dB toleranse for \u00e5 sikre eksepsjonell lydgjengivelse og konsistens.<\/p>\n<p>H\u00f8r mer av all lyden med et imponerende frekvensomr\u00e5de p\u00e5 20\u201340 000 Hz \u2013 dobbelt s\u00e5 stort som p\u00e5 typiske gamingheadset. Alt fra de h\u00f8yeste skuddene til de mest subtile musikalske tonene blir gjengitt med utrolig klarhet, definisjon og virkning.<\/p>\n<\/div>\n<div class=\"col-xs-12 col-sm-6\">\n<h4><strong>24-BITS LYD<\/strong><\/h4>\n<p>Opplev ekte hi-fi med 24-bits \/ 96 kHz lyd i USB-kablet tilkoblingsmodus*, noe som gir en unik lytteopplevelse som kan gjengi kompatible opptak i st\u00f8rre detalj og dybde.<\/p>\n<p>*Lydoppl\u00f8sning ved tilkobling via tr\u00e5dl\u00f8s eller 3,5 mm er 16 bit \/ 48 kHz.<\/p>\n<\/div>\n<\/div>\n<div class=\"row\">\n<div class=\"col-xs-12\">\n<figure class=\"banner-image\"><img decoding=\"async\" title=\"Corsair Virtuoso\" src=\"https:\/\/www.komplett.no\/productmedia\/32971\/virtuoso_black_660-300bby.jpg\" alt=\"Corsair Virtuoso\" \/><\/figure>\n<h3><strong>Avtagbar mikrofon i kringkastingskvalitet<\/strong><\/h3>\n<p>Det er rett og slett en av de beste mikrofonene som finnes p\u00e5 et headset. Den rundtvirkende mikrofonen med h\u00f8y b\u00e5ndbredde p\u00e5 VIRTUOSO RGB Wireless gir et bredt dynamisk omr\u00e5de og ypperlig stemmeklarhet som kan konkurrere med frittst\u00e5ende mikrofoner, fullstendig avtagbar med en RGB LED-ring for \u00e5 indikere opptak eller demping.<\/p>\n<\/div>\n<\/div>\n<div class=\"row\">\n<div class=\"col-xs-6 col-sm-4 col-md-3\">\n<figure class=\"banner-image\"><img decoding=\"async\" title=\"Slipstream\" src=\"https:\/\/www.komplett.no\/productmedia\/32974\/connect-dongle.png\" alt=\"Slipstream\" \/><\/figure>\n<\/div>\n<div class=\"col-xs-12 col-sm-8 col-md-9\">\n<h3>SLIPSTREAM Wireless<\/h3>\n<p>Hyperrask tr\u00e5dl\u00f8s forbindelse med en rekkevidde p\u00e5 opptil 18 meter ved hjelp av intelligent frekvensskifte (IFS) for \u00e5 sikre det sterkeste signalet.<\/p>\n<\/div>\n<\/div>\n<div class=\"row\">\n<div class=\"col-xs-6 col-sm-4 col-md-3\">\n<figure class=\"banner-image\"><img decoding=\"async\" title=\"Usb wired\" src=\"https:\/\/www.komplett.no\/productmedia\/32976\/connect-usb.png\" alt=\"Usb wired\" \/><\/figure>\n<\/div>\n<div class=\"col-xs-12 col-sm-8 col-md-9\">\n<h3>Med USB-kabel<\/h3>\n<p>Hi-Fi-lyd p\u00e5 24 bit \/ 96 kHz for den ultimate lytteopplevelsen med kompatible opptak.<\/p>\n<\/div>\n<\/div>\n<div class=\"row\">\n<div class=\"col-xs-6 col-sm-4 col-md-3\">\n<figure class=\"banner-image\"><img decoding=\"async\" title=\"3.5mm wired\" src=\"https:\/\/www.komplett.no\/productmedia\/32975\/connect-jack.png\" alt=\"3.5mm wired\" \/><\/figure>\n<\/div>\n<div class=\"col-xs-12 col-sm-8 col-md-9\">\n<h3>3,5 mm kablet<\/h3>\n<p>Universell tilkobling for \u00e5 lytte til en rekke enheter, fra DAC og lydavspillere til konsoller og mobilenheter.<\/p>\n<\/div>\n<\/div>\n<\/div>\n<\/div>\n<\/div>\n","protected":false},"excerpt":{"rendered":"<p>Produktinfo Corsair Virtuoso Tr\u00e5dl\u00f8st\u00a0gamingheadset i karbon Headsetet VIRTUOSO RGB Wireless tilbyr hi-fi-lyd, komfort hele dagen og lynrask tilkobling med SLIPSTREAM WIRELESS-teknologi. Du fortjener det beste. H\u00f8ydepunkter: F\u00f8rsteklasses, lett konstruksjon Kompromissl\u00f8s lydkvalitet Avtagbar mikrofon i kringkastingskvalitet F\u00f8rsteklasses \u00f8reputer i minneskum og lett hodeb\u00f8yle Presis kontroll HOLDBAR F\u00f8rsteklasses, lett konstruksjon Bygd med maskinert aluminium, noe som sikrer [&hellip;]<\/p>\n","protected":false},"featured_media":0,"template":"","meta":{"site-sidebar-layout":"default","site-content-layout":"","ast-site-content-layout":"default","site-content-style":"default","site-sidebar-style":"default","ast-global-header-display":"","ast-banner-title-visibility":"","ast-main-header-display":"","ast-hfb-above-header-display":"","ast-hfb-below-header-display":"","ast-hfb-mobile-header-display":"","site-post-title":"","ast-breadcrumbs-content":"","ast-featured-img":"","footer-sml-layout":"","ast-disable-related-posts":"","theme-transparent-header-meta":"","adv-header-id-meta":"","stick-header-meta":"","header-above-stick-meta":"","header-main-stick-meta":"","header-below-stick-meta":"","astra-migrate-meta-layouts":"default","ast-page-background-enabled":"default","ast-page-background-meta":{"desktop":{"background-color":"var(--ast-global-color-4)","background-image":"","background-repeat":"repeat","background-position":"center center","background-size":"auto","background-attachment":"scroll","background-type":"","background-media":"","overlay-type":"","overlay-color":"","overlay-opacity":"","overlay-gradient":""},"tablet":{"background-color":"","background-image":"","background-repeat":"repeat","background-position":"center center","background-size":"auto","background-attachment":"scroll","background-type":"","background-media":"","overlay-type":"","overlay-color":"","overlay-opacity":"","overlay-gradient":""},"mobile":{"background-color":"","background-image":"","background-repeat":"repeat","background-position":"center center","background-size":"auto","background-attachment":"scroll","background-type":"","background-media":"","overlay-type":"","overlay-color":"","overlay-opacity":"","overlay-gradient":""}},"ast-content-background-meta":{"desktop":{"background-color":"var(--ast-global-color-5)","background-image":"","background-repeat":"repeat","background-position":"center center","background-size":"auto","background-attachment":"scroll","background-type":"","background-media":"","overlay-type":"","overlay-color":"","overlay-opacity":"","overlay-gradient":""},"tablet":{"background-color":"var(--ast-global-color-5)","background-image":"","background-repeat":"repeat","background-position":"center center","background-size":"auto","background-attachment":"scroll","background-type":"","background-media":"","overlay-type":"","overlay-color":"","overlay-opacity":"","overlay-gradient":""},"mobile":{"background-color":"var(--ast-global-color-5)","background-image":"","background-repeat":"repeat","background-position":"center center","background-size":"auto","background-attachment":"scroll","background-type":"","background-media":"","overlay-type":"","overlay-color":"","overlay-opacity":"","overlay-gradient":""}}},"product_brand":[],"product_cat":[67],"product_tag":[],"class_list":{"0":"post-1744","1":"product","2":"type-product","3":"status-publish","5":"product_cat-corsair","6":"desktop-align-left","7":"tablet-align-left","8":"mobile-align-left","10":"first","11":"instock","12":"taxable","13":"shipping-taxable","14":"purchasable","15":"product-type-variable"},"tiered_pricing_type":"fixed","tiered_pricing_fixed_rules":[],"tiered_pricing_product_settings":{"layout":"default","base_unit_name":{"singular":null,"plural":null},"default_variation":null},"tiered_pricing_minimum_quantity":null,"tiered_pricing_roles_data":[],"tiered_pricing_percentage_rules":[],"_links":{"self":[{"href":"https:\/\/lindberg.24sevenstore.no\/index.php\/wp-json\/wp\/v2\/product\/1744","targetHints":{"allow":["GET"]}}],"collection":[{"href":"https:\/\/lindberg.24sevenstore.no\/index.php\/wp-json\/wp\/v2\/product"}],"about":[{"href":"https:\/\/lindberg.24sevenstore.no\/index.php\/wp-json\/wp\/v2\/types\/product"}],"wp:attachment":[{"href":"https:\/\/lindberg.24sevenstore.no\/index.php\/wp-json\/wp\/v2\/media?parent=1744"}],"wp:term":[{"taxonomy":"product_brand","embeddable":true,"href":"https:\/\/lindberg.24sevenstore.no\/index.php\/wp-json\/wp\/v2\/product_brand?post=1744"},{"taxonomy":"product_cat","embeddable":true,"href":"https:\/\/lindberg.24sevenstore.no\/index.php\/wp-json\/wp\/v2\/product_cat?post=1744"},{"taxonomy":"product_tag","embeddable":true,"href":"https:\/\/lindberg.24sevenstore.no\/index.php\/wp-json\/wp\/v2\/product_tag?post=1744"}],"curies":[{"name":"wp","href":"https:\/\/api.w.org\/{rel}","templated":true}]}}