{"id":712,"date":"2019-07-24T12:05:57","date_gmt":"2019-07-24T12:05:57","guid":{"rendered":"https:\/\/lindberg.24sevenstore.no\/?post_type=product&#038;p=712"},"modified":"2023-02-14T12:07:21","modified_gmt":"2023-02-14T11:07:21","slug":"svive-opacus-sv-swi1008-switch","status":"publish","type":"product","link":"https:\/\/lindberg.24sevenstore.no\/index.php\/produkt\/svive-opacus-sv-swi1008-switch\/","title":{"rendered":"Svive Opacus SV-SWI100 Switch"},"content":{"rendered":"<div class=\"row\">\n<div class=\"col-xs-12\">\n<div class=\"row\">\n<div class=\"col-xs-12\">\n<h3>Svive Opacus Switch<\/h3>\n<p><span class=\"ingress\"><strong>Alla vill ha ett stabilt, snabbt och s\u00e4kert hemn\u00e4tverk, och det beh\u00f6ver varken vara sv\u00e5rt eller komplicerat. Svive har utvecklat en egen serie n\u00e4tverksprodukter med stabil och bra prestanda som enkelt, snabbt och s\u00e4kert ger dig ett bra hemn\u00e4tverk. Med uppstartsgaranti, gratis telefonsupport och f\u00e4rdiginstallerad topps\u00e4kerhet ger dig Svive utm\u00e4rkt r\u00e4ckvidd och hastighet.<\/strong><\/span><\/p>\n<\/div>\n<\/div>\n<div class=\"row\">\n<div class=\"col-xs-12\">\n<figure class=\"banner-image\"><img decoding=\"async\" title=\"svive 8 port switch\" src=\"https:\/\/www.komplett.se\/productmedia\/2338\/911083.jpg\" alt=\"svive 8 port switch\" \/><\/figure>\n<\/div>\n<\/div>\n<div class=\"row\">\n<div class=\"col-xs-12 col-sm-6\">\n<p>Har du omr\u00e5den i hemmet d\u00e4r signalen fr\u00e5n det tr\u00e5dl\u00f6sa n\u00e4tverket \u00e4r svag, eller har du enheter som inte st\u00f6djer tr\u00e5dl\u00f6s anslutning? D\u00e5 kan l\u00f6sningen vara ett kabeln\u00e4tverk, och vad du d\u00e5 beh\u00f6ver \u00e4r en omkopplare.<\/p>\n<p>Med en omkopplare ansluter du enkelt (via kabel) smartTV:n, hemma-PC:n, skrivaren, spelkonsoler eller andra enheter till ditt hemn\u00e4tverk. Den ger dig signal till rum som det tr\u00e5dl\u00f6sa n\u00e4tverket inte n\u00e5r. Ett kabelbundet n\u00e4tverk \u00e4r i m\u00e5nga fall mer stabilt \u00e4n tr\u00e5dl\u00f6st, och idealiskt f\u00f6r \u00e5tg\u00e4rder som kr\u00e4ver h\u00f6g hastighet och bra prestanda. Det \u00e4r dessutom perfekt f\u00f6r de enheter du inte vill eller kan ha p\u00e5 det tr\u00e5dl\u00f6sa n\u00e4tverket.<\/p>\n<\/div>\n<div><\/div>\n<p><img decoding=\"async\" class=\"alignleft\" title=\"svive illustration switch\" src=\"https:\/\/www.komplett.se\/productmedia\/2265\/illustrasjon-switch.jpg\" alt=\"svive illustration switch\" \/><\/p>\n<\/div>\n<p>&nbsp;<\/p>\n<\/div>\n<div class=\"col-xs-12\">\n<div class=\"row\">\n<div class=\"col-xs-12\">\n<div><\/div>\n<div><\/div>\n<div><\/div>\n<div><\/div>\n<div><\/div>\n<div><\/div>\n<div><\/div>\n<div class=\"row\"><span style=\"font-size: 27px\">Snabb anslutning<\/span><\/div>\n<\/div>\n<\/div>\n<div class=\"row\">\n<div class=\"col-xs-12\">\n<p>Svive Opacus \u00e4r en omkopplare med \u00e5tta portar som enkelt l\u00e5ter dig ansluta sju enheter till ditt hemn\u00e4tverk. Gigabithastighetsportarna ger den snabbaste anslutningen och g\u00f6r att du kan spela, streama i 4K och arbeta online utan problem eller f\u00f6rseningar. Svive Opacus anv\u00e4nder sig av energieffektiv teknik och justerar automatiskt str\u00f6mf\u00f6rbrukningen efter vilka enheter och kablar som \u00e4r anslutna. P\u00e5 framsidan indikerar LED-lampor vilka portar som \u00e4r uppkopplade, samt uppkopplingens kvalitet. Den levereras med ett slitstarkt metallchassi och \u00e4r b\u00e5de tystg\u00e5ende och diskret.<\/p>\n<\/div>\n<\/div>\n<\/div>\n<\/div>\n","protected":false},"excerpt":{"rendered":"<p>Svive Opacus Switch Alla vill ha ett stabilt, snabbt och s\u00e4kert hemn\u00e4tverk, och det beh\u00f6ver varken vara sv\u00e5rt eller komplicerat. Svive har utvecklat en egen serie n\u00e4tverksprodukter med stabil och bra prestanda som enkelt, snabbt och s\u00e4kert ger dig ett bra hemn\u00e4tverk. Med uppstartsgaranti, gratis telefonsupport och f\u00e4rdiginstallerad topps\u00e4kerhet ger dig Svive utm\u00e4rkt r\u00e4ckvidd och [&hellip;]<\/p>\n","protected":false},"featured_media":715,"template":"","meta":{"site-sidebar-layout":"default","site-content-layout":"","ast-site-content-layout":"default","site-content-style":"default","site-sidebar-style":"default","ast-global-header-display":"","ast-banner-title-visibility":"","ast-main-header-display":"","ast-hfb-above-header-display":"","ast-hfb-below-header-display":"","ast-hfb-mobile-header-display":"","site-post-title":"","ast-breadcrumbs-content":"","ast-featured-img":"","footer-sml-layout":"","ast-disable-related-posts":"","theme-transparent-header-meta":"","adv-header-id-meta":"","stick-header-meta":"","header-above-stick-meta":"","header-main-stick-meta":"","header-below-stick-meta":"","astra-migrate-meta-layouts":"default","ast-page-background-enabled":"default","ast-page-background-meta":{"desktop":{"background-color":"var(--ast-global-color-4)","background-image":"","background-repeat":"repeat","background-position":"center center","background-size":"auto","background-attachment":"scroll","background-type":"","background-media":"","overlay-type":"","overlay-color":"","overlay-opacity":"","overlay-gradient":""},"tablet":{"background-color":"","background-image":"","background-repeat":"repeat","background-position":"center center","background-size":"auto","background-attachment":"scroll","background-type":"","background-media":"","overlay-type":"","overlay-color":"","overlay-opacity":"","overlay-gradient":""},"mobile":{"background-color":"","background-image":"","background-repeat":"repeat","background-position":"center center","background-size":"auto","background-attachment":"scroll","background-type":"","background-media":"","overlay-type":"","overlay-color":"","overlay-opacity":"","overlay-gradient":""}},"ast-content-background-meta":{"desktop":{"background-color":"var(--ast-global-color-5)","background-image":"","background-repeat":"repeat","background-position":"center center","background-size":"auto","background-attachment":"scroll","background-type":"","background-media":"","overlay-type":"","overlay-color":"","overlay-opacity":"","overlay-gradient":""},"tablet":{"background-color":"var(--ast-global-color-5)","background-image":"","background-repeat":"repeat","background-position":"center center","background-size":"auto","background-attachment":"scroll","background-type":"","background-media":"","overlay-type":"","overlay-color":"","overlay-opacity":"","overlay-gradient":""},"mobile":{"background-color":"var(--ast-global-color-5)","background-image":"","background-repeat":"repeat","background-position":"center center","background-size":"auto","background-attachment":"scroll","background-type":"","background-media":"","overlay-type":"","overlay-color":"","overlay-opacity":"","overlay-gradient":""}}},"product_brand":[],"product_cat":[52],"product_tag":[],"class_list":{"0":"post-712","1":"product","2":"type-product","3":"status-publish","4":"has-post-thumbnail","6":"product_cat-switch","7":"desktop-align-left","8":"tablet-align-left","9":"mobile-align-left","11":"first","12":"instock","13":"taxable","14":"shipping-taxable","15":"purchasable","16":"product-type-variable"},"tiered_pricing_type":"fixed","tiered_pricing_fixed_rules":[],"tiered_pricing_product_settings":{"layout":"default","base_unit_name":{"singular":null,"plural":null},"default_variation":null},"tiered_pricing_minimum_quantity":null,"tiered_pricing_roles_data":[],"tiered_pricing_percentage_rules":[],"_links":{"self":[{"href":"https:\/\/lindberg.24sevenstore.no\/index.php\/wp-json\/wp\/v2\/product\/712","targetHints":{"allow":["GET"]}}],"collection":[{"href":"https:\/\/lindberg.24sevenstore.no\/index.php\/wp-json\/wp\/v2\/product"}],"about":[{"href":"https:\/\/lindberg.24sevenstore.no\/index.php\/wp-json\/wp\/v2\/types\/product"}],"wp:featuredmedia":[{"embeddable":true,"href":"https:\/\/lindberg.24sevenstore.no\/index.php\/wp-json\/wp\/v2\/media\/715"}],"wp:attachment":[{"href":"https:\/\/lindberg.24sevenstore.no\/index.php\/wp-json\/wp\/v2\/media?parent=712"}],"wp:term":[{"taxonomy":"product_brand","embeddable":true,"href":"https:\/\/lindberg.24sevenstore.no\/index.php\/wp-json\/wp\/v2\/product_brand?post=712"},{"taxonomy":"product_cat","embeddable":true,"href":"https:\/\/lindberg.24sevenstore.no\/index.php\/wp-json\/wp\/v2\/product_cat?post=712"},{"taxonomy":"product_tag","embeddable":true,"href":"https:\/\/lindberg.24sevenstore.no\/index.php\/wp-json\/wp\/v2\/product_tag?post=712"}],"curies":[{"name":"wp","href":"https:\/\/api.w.org\/{rel}","templated":true}]}}